{"id":1999,"date":"2022-04-14T13:28:10","date_gmt":"2022-04-14T12:28:10","guid":{"rendered":"https:\/\/canrill.de\/?post_type=product&#038;p=1999"},"modified":"2022-07-22T17:10:56","modified_gmt":"2022-07-22T16:10:56","slug":"xf-10mdt06x80-1c","status":"publish","type":"product","link":"https:\/\/canrill.de\/en\/produkt\/xf-10mdt06x80-1c\/","title":{"rendered":"XF-10MDT06X80-1C"},"content":{"rendered":"<p>Object-Telezentrisches Objektiv f\u00fcr 1.1&#8243; Sensor<\/p>\n<p>Vergr\u00f6\u00dferung 0.6<\/p>\n<p>Arbeitsabstand 80mm<\/p>\n","protected":false},"excerpt":{"rendered":"<p>Object-Telezentrisches Objektiv f\u00fcr 1.1&#8243; Sensor Vergr\u00f6\u00dferung 0.6 Arbeitsabstand 80mm<\/p>\n","protected":false},"featured_media":3820,"template":"","meta":{"site-sidebar-layout":"default","site-content-layout":"default","ast-global-header-display":"","ast-main-header-display":"","ast-hfb-above-header-display":"","ast-hfb-below-header-display":"","ast-hfb-mobile-header-display":"","site-post-title":"","ast-breadcrumbs-content":"","ast-featured-img":"","footer-sml-layout":"","theme-transparent-header-meta":"default","adv-header-id-meta":"","stick-header-meta":"","header-above-stick-meta":"","header-main-stick-meta":"","header-below-stick-meta":""},"product_cat":[20],"product_tag":[],"yoast_head":"<!-- This site is optimized with the Yoast SEO plugin v20.0 - https:\/\/yoast.com\/wordpress\/plugins\/seo\/ -->\n<title>XF-10MDT06X80-1C - canrill.de<\/title>\n<meta name=\"robots\" content=\"index, follow, max-snippet:-1, max-image-preview:large, max-video-preview:-1\" \/>\n<link rel=\"canonical\" href=\"https:\/\/canrill.de\/en\/produkt\/xf-10mdt06x80-1c\/\" \/>\n<meta property=\"og:locale\" content=\"en_US\" \/>\n<meta property=\"og:type\" content=\"article\" \/>\n<meta property=\"og:title\" content=\"XF-10MDT06X80-1C - canrill.de\" \/>\n<meta property=\"og:description\" content=\"Object-Telezentrisches Objektiv f\u00fcr 1.1&#8243; Sensor Vergr\u00f6\u00dferung 0.6 Arbeitsabstand 80mm\" \/>\n<meta property=\"og:url\" content=\"https:\/\/canrill.de\/en\/produkt\/xf-10mdt06x80-1c\/\" \/>\n<meta property=\"og:site_name\" content=\"canrill.de\" \/>\n<meta property=\"article:modified_time\" content=\"2022-07-22T16:10:56+00:00\" \/>\n<meta property=\"og:image\" content=\"https:\/\/canrill.de\/wp-content\/uploads\/2022\/04\/XF-10MDT06X80.jpg\" \/>\n\t<meta property=\"og:image:width\" content=\"1920\" \/>\n\t<meta property=\"og:image:height\" content=\"1920\" \/>\n\t<meta property=\"og:image:type\" content=\"image\/jpeg\" \/>\n<meta name=\"twitter:card\" content=\"summary_large_image\" \/>\n<script type=\"application\/ld+json\" class=\"yoast-schema-graph\">{\"@context\":\"https:\/\/schema.org\",\"@graph\":[{\"@type\":\"WebPage\",\"@id\":\"https:\/\/canrill.de\/en\/produkt\/xf-10mdt06x80-1c\/\",\"url\":\"https:\/\/canrill.de\/en\/produkt\/xf-10mdt06x80-1c\/\",\"name\":\"XF-10MDT06X80-1C - canrill.de\",\"isPartOf\":{\"@id\":\"https:\/\/canrill.de\/en\/#website\"},\"datePublished\":\"2022-04-14T12:28:10+00:00\",\"dateModified\":\"2022-07-22T16:10:56+00:00\",\"breadcrumb\":{\"@id\":\"https:\/\/canrill.de\/en\/produkt\/xf-10mdt06x80-1c\/#breadcrumb\"},\"inLanguage\":\"en-US\",\"potentialAction\":[{\"@type\":\"ReadAction\",\"target\":[\"https:\/\/canrill.de\/en\/produkt\/xf-10mdt06x80-1c\/\"]}]},{\"@type\":\"BreadcrumbList\",\"@id\":\"https:\/\/canrill.de\/en\/produkt\/xf-10mdt06x80-1c\/#breadcrumb\",\"itemListElement\":[{\"@type\":\"ListItem\",\"position\":1,\"name\":\"Startseite\",\"item\":\"https:\/\/canrill.de\/en\/home\/\"},{\"@type\":\"ListItem\",\"position\":2,\"name\":\"Shop\",\"item\":\"https:\/\/canrill.de\/shop\/\"},{\"@type\":\"ListItem\",\"position\":3,\"name\":\"XF-10MDT06X80-1C\"}]},{\"@type\":\"WebSite\",\"@id\":\"https:\/\/canrill.de\/en\/#website\",\"url\":\"https:\/\/canrill.de\/en\/\",\"name\":\"canrill.de\",\"description\":\"Telezentrische Objektive\",\"publisher\":{\"@id\":\"https:\/\/canrill.de\/en\/#organization\"},\"potentialAction\":[{\"@type\":\"SearchAction\",\"target\":{\"@type\":\"EntryPoint\",\"urlTemplate\":\"https:\/\/canrill.de\/en\/?s={search_term_string}\"},\"query-input\":\"required name=search_term_string\"}],\"inLanguage\":\"en-US\"},{\"@type\":\"Organization\",\"@id\":\"https:\/\/canrill.de\/en\/#organization\",\"name\":\"Canrill Deutschland\",\"url\":\"https:\/\/canrill.de\/en\/\",\"logo\":{\"@type\":\"ImageObject\",\"inLanguage\":\"en-US\",\"@id\":\"https:\/\/canrill.de\/en\/#\/schema\/logo\/image\/\",\"url\":\"https:\/\/canrill.de\/wp-content\/uploads\/2022\/03\/canrill-3.png\",\"contentUrl\":\"https:\/\/canrill.de\/wp-content\/uploads\/2022\/03\/canrill-3.png\",\"width\":2084,\"height\":420,\"caption\":\"Canrill Deutschland\"},\"image\":{\"@id\":\"https:\/\/canrill.de\/en\/#\/schema\/logo\/image\/\"}}]}<\/script>\n<!-- \/ Yoast SEO plugin. -->","yoast_head_json":{"title":"XF-10MDT06X80-1C - canrill.de","robots":{"index":"index","follow":"follow","max-snippet":"max-snippet:-1","max-image-preview":"max-image-preview:large","max-video-preview":"max-video-preview:-1"},"canonical":"https:\/\/canrill.de\/en\/produkt\/xf-10mdt06x80-1c\/","og_locale":"en_US","og_type":"article","og_title":"XF-10MDT06X80-1C - canrill.de","og_description":"Object-Telezentrisches Objektiv f\u00fcr 1.1&#8243; Sensor Vergr\u00f6\u00dferung 0.6 Arbeitsabstand 80mm","og_url":"https:\/\/canrill.de\/en\/produkt\/xf-10mdt06x80-1c\/","og_site_name":"canrill.de","article_modified_time":"2022-07-22T16:10:56+00:00","og_image":[{"width":1920,"height":1920,"url":"https:\/\/canrill.de\/wp-content\/uploads\/2022\/04\/XF-10MDT06X80.jpg","type":"image\/jpeg"}],"twitter_card":"summary_large_image","schema":{"@context":"https:\/\/schema.org","@graph":[{"@type":"WebPage","@id":"https:\/\/canrill.de\/en\/produkt\/xf-10mdt06x80-1c\/","url":"https:\/\/canrill.de\/en\/produkt\/xf-10mdt06x80-1c\/","name":"XF-10MDT06X80-1C - canrill.de","isPartOf":{"@id":"https:\/\/canrill.de\/en\/#website"},"datePublished":"2022-04-14T12:28:10+00:00","dateModified":"2022-07-22T16:10:56+00:00","breadcrumb":{"@id":"https:\/\/canrill.de\/en\/produkt\/xf-10mdt06x80-1c\/#breadcrumb"},"inLanguage":"en-US","potentialAction":[{"@type":"ReadAction","target":["https:\/\/canrill.de\/en\/produkt\/xf-10mdt06x80-1c\/"]}]},{"@type":"BreadcrumbList","@id":"https:\/\/canrill.de\/en\/produkt\/xf-10mdt06x80-1c\/#breadcrumb","itemListElement":[{"@type":"ListItem","position":1,"name":"Startseite","item":"https:\/\/canrill.de\/en\/home\/"},{"@type":"ListItem","position":2,"name":"Shop","item":"https:\/\/canrill.de\/shop\/"},{"@type":"ListItem","position":3,"name":"XF-10MDT06X80-1C"}]},{"@type":"WebSite","@id":"https:\/\/canrill.de\/en\/#website","url":"https:\/\/canrill.de\/en\/","name":"canrill.de","description":"Telezentrische Objektive","publisher":{"@id":"https:\/\/canrill.de\/en\/#organization"},"potentialAction":[{"@type":"SearchAction","target":{"@type":"EntryPoint","urlTemplate":"https:\/\/canrill.de\/en\/?s={search_term_string}"},"query-input":"required name=search_term_string"}],"inLanguage":"en-US"},{"@type":"Organization","@id":"https:\/\/canrill.de\/en\/#organization","name":"Canrill Deutschland","url":"https:\/\/canrill.de\/en\/","logo":{"@type":"ImageObject","inLanguage":"en-US","@id":"https:\/\/canrill.de\/en\/#\/schema\/logo\/image\/","url":"https:\/\/canrill.de\/wp-content\/uploads\/2022\/03\/canrill-3.png","contentUrl":"https:\/\/canrill.de\/wp-content\/uploads\/2022\/03\/canrill-3.png","width":2084,"height":420,"caption":"Canrill Deutschland"},"image":{"@id":"https:\/\/canrill.de\/en\/#\/schema\/logo\/image\/"}}]}},"_links":{"self":[{"href":"https:\/\/canrill.de\/en\/wp-json\/wp\/v2\/product\/1999"}],"collection":[{"href":"https:\/\/canrill.de\/en\/wp-json\/wp\/v2\/product"}],"about":[{"href":"https:\/\/canrill.de\/en\/wp-json\/wp\/v2\/types\/product"}],"wp:featuredmedia":[{"embeddable":true,"href":"https:\/\/canrill.de\/en\/wp-json\/wp\/v2\/media\/3820"}],"wp:attachment":[{"href":"https:\/\/canrill.de\/en\/wp-json\/wp\/v2\/media?parent=1999"}],"wp:term":[{"taxonomy":"product_cat","embeddable":true,"href":"https:\/\/canrill.de\/en\/wp-json\/wp\/v2\/product_cat?post=1999"},{"taxonomy":"product_tag","embeddable":true,"href":"https:\/\/canrill.de\/en\/wp-json\/wp\/v2\/product_tag?post=1999"}],"curies":[{"name":"wp","href":"https:\/\/api.w.org\/{rel}","templated":true}]}}